{"id":18763,"date":"2019-07-29T13:56:56","date_gmt":"2019-07-29T11:56:56","guid":{"rendered":"https:\/\/machining.pl\/home\/"},"modified":"2021-03-25T15:11:05","modified_gmt":"2021-03-25T14:11:05","slug":"home","status":"publish","type":"page","link":"https:\/\/machining.pl\/en\/","title":{"rendered":"Home"},"content":{"rendered":"","protected":false},"excerpt":{"rendered":"","protected":false},"author":1,"featured_media":0,"parent":0,"menu_order":1,"comment_status":"closed","ping_status":"closed","template":"","meta":{"footnotes":""},"acf":[],"yoast_head":"<!-- This site is optimized with the Yoast SEO plugin v22.6 - https:\/\/yoast.com\/wordpress\/plugins\/seo\/ -->\n<title>Home - Grupa Machining<\/title>\n<meta name=\"description\" content=\"A producer group specializing in works in the field of metal processing.\" \/>\n<meta name=\"robots\" content=\"index, follow, max-snippet:-1, max-image-preview:large, max-video-preview:-1\" \/>\n<link rel=\"canonical\" href=\"https:\/\/machining.pl\/en\/\" \/>\n<meta property=\"og:locale\" content=\"en_US\" \/>\n<meta property=\"og:type\" content=\"article\" \/>\n<meta property=\"og:title\" content=\"Home - Grupa Machining\" \/>\n<meta property=\"og:description\" content=\"A producer group specializing in works in the field of metal processing.\" \/>\n<meta property=\"og:url\" content=\"https:\/\/machining.pl\/en\/\" \/>\n<meta property=\"og:site_name\" content=\"Grupa Machining\" \/>\n<meta property=\"article:modified_time\" content=\"2021-03-25T14:11:05+00:00\" \/>\n<meta name=\"twitter:card\" content=\"summary_large_image\" \/>\n<script type=\"application\/ld+json\" class=\"yoast-schema-graph\">{\"@context\":\"https:\/\/schema.org\",\"@graph\":[{\"@type\":\"WebPage\",\"@id\":\"https:\/\/machining.pl\/en\/\",\"url\":\"https:\/\/machining.pl\/en\/\",\"name\":\"Home - Grupa Machining\",\"isPartOf\":{\"@id\":\"https:\/\/machining.pl\/#website\"},\"datePublished\":\"2019-07-29T11:56:56+00:00\",\"dateModified\":\"2021-03-25T14:11:05+00:00\",\"description\":\"A producer group specializing in works in the field of metal processing.\",\"breadcrumb\":{\"@id\":\"https:\/\/machining.pl\/en\/#breadcrumb\"},\"inLanguage\":\"en-US\",\"potentialAction\":[{\"@type\":\"ReadAction\",\"target\":[\"https:\/\/machining.pl\/en\/\"]}]},{\"@type\":\"BreadcrumbList\",\"@id\":\"https:\/\/machining.pl\/en\/#breadcrumb\",\"itemListElement\":[{\"@type\":\"ListItem\",\"position\":1,\"name\":\"Home\",\"item\":\"https:\/\/machining.pl\/en\/\"},{\"@type\":\"ListItem\",\"position\":2,\"name\":\"Home\"}]},{\"@type\":\"WebSite\",\"@id\":\"https:\/\/machining.pl\/#website\",\"url\":\"https:\/\/machining.pl\/\",\"name\":\"Grupa Machining\",\"description\":\"Jeste\u015bmy firm\u0105 rodzinn\u0105 za\u0142o\u017con\u0105 w 1986 roku\",\"potentialAction\":[{\"@type\":\"SearchAction\",\"target\":{\"@type\":\"EntryPoint\",\"urlTemplate\":\"https:\/\/machining.pl\/?s={search_term_string}\"},\"query-input\":\"required name=search_term_string\"}],\"inLanguage\":\"en-US\"}]}<\/script>\n<!-- \/ Yoast SEO plugin. -->","yoast_head_json":{"title":"Home - Grupa Machining","description":"A producer group specializing in works in the field of metal processing.","robots":{"index":"index","follow":"follow","max-snippet":"max-snippet:-1","max-image-preview":"max-image-preview:large","max-video-preview":"max-video-preview:-1"},"canonical":"https:\/\/machining.pl\/en\/","og_locale":"en_US","og_type":"article","og_title":"Home - Grupa Machining","og_description":"A producer group specializing in works in the field of metal processing.","og_url":"https:\/\/machining.pl\/en\/","og_site_name":"Grupa Machining","article_modified_time":"2021-03-25T14:11:05+00:00","twitter_card":"summary_large_image","schema":{"@context":"https:\/\/schema.org","@graph":[{"@type":"WebPage","@id":"https:\/\/machining.pl\/en\/","url":"https:\/\/machining.pl\/en\/","name":"Home - Grupa Machining","isPartOf":{"@id":"https:\/\/machining.pl\/#website"},"datePublished":"2019-07-29T11:56:56+00:00","dateModified":"2021-03-25T14:11:05+00:00","description":"A producer group specializing in works in the field of metal processing.","breadcrumb":{"@id":"https:\/\/machining.pl\/en\/#breadcrumb"},"inLanguage":"en-US","potentialAction":[{"@type":"ReadAction","target":["https:\/\/machining.pl\/en\/"]}]},{"@type":"BreadcrumbList","@id":"https:\/\/machining.pl\/en\/#breadcrumb","itemListElement":[{"@type":"ListItem","position":1,"name":"Home","item":"https:\/\/machining.pl\/en\/"},{"@type":"ListItem","position":2,"name":"Home"}]},{"@type":"WebSite","@id":"https:\/\/machining.pl\/#website","url":"https:\/\/machining.pl\/","name":"Grupa Machining","description":"Jeste\u015bmy firm\u0105 rodzinn\u0105 za\u0142o\u017con\u0105 w 1986 roku","potentialAction":[{"@type":"SearchAction","target":{"@type":"EntryPoint","urlTemplate":"https:\/\/machining.pl\/?s={search_term_string}"},"query-input":"required name=search_term_string"}],"inLanguage":"en-US"}]}},"_links":{"self":[{"href":"https:\/\/machining.pl\/en\/wp-json\/wp\/v2\/pages\/18763"}],"collection":[{"href":"https:\/\/machining.pl\/en\/wp-json\/wp\/v2\/pages"}],"about":[{"href":"https:\/\/machining.pl\/en\/wp-json\/wp\/v2\/types\/page"}],"author":[{"embeddable":true,"href":"https:\/\/machining.pl\/en\/wp-json\/wp\/v2\/users\/1"}],"replies":[{"embeddable":true,"href":"https:\/\/machining.pl\/en\/wp-json\/wp\/v2\/comments?post=18763"}],"version-history":[{"count":4,"href":"https:\/\/machining.pl\/en\/wp-json\/wp\/v2\/pages\/18763\/revisions"}],"predecessor-version":[{"id":18812,"href":"https:\/\/machining.pl\/en\/wp-json\/wp\/v2\/pages\/18763\/revisions\/18812"}],"wp:attachment":[{"href":"https:\/\/machining.pl\/en\/wp-json\/wp\/v2\/media?parent=18763"}],"curies":[{"name":"wp","href":"https:\/\/api.w.org\/{rel}","templated":true}]}}